{"id":9,"date":"2015-02-10T19:21:19","date_gmt":"2015-02-10T19:21:19","guid":{"rendered":"http:\/\/theme-fusion.com\/avada_demos\/architecture\/?page_id=9"},"modified":"2016-05-11T19:58:15","modified_gmt":"2016-05-11T19:58:15","slug":"qui-som","status":"publish","type":"page","link":"https:\/\/a3at.com\/index.php\/qui-som\/","title":{"rendered":"Qui Som?"},"content":{"rendered":"<div class=\"fusion-one-full fusion-layout-column fusion-column-last fusion-spacing-yes titulo\" style=\"margin-top:0px;margin-bottom:-50px;\"><div class=\"fusion-column-wrapper\" style=\"background:url(https:\/\/a3at.com\/wp-content\/uploads\/2015\/05\/tit-bg.jpg) center center no-repeat ;-webkit-background-size:cover;-moz-background-size:cover;-o-background-size:cover;background-size:cover;\" data-bg-url=\"https:\/\/a3at.com\/wp-content\/uploads\/2015\/05\/tit-bg.jpg\"><div class=\"fusion-sep-clear\"><\/div><div class=\"fusion-separator fusion-full-width-sep sep-none\" style=\"border-color:#e0dede;margin-left: auto;margin-right: auto;margin-top:50px;\"><\/div><h1 style=\"margin-left: 10%;\">QUI SOM?<\/h1>\n<div class=\"fusion-sep-clear\"><\/div><div class=\"fusion-separator fusion-full-width-sep sep-none\" style=\"border-color:#e0dede;margin-left: auto;margin-right: auto;margin-top:50px;\"><\/div><div class=\"fusion-clearfix\"><\/div><\/div><\/div><div class=\"fusion-clearfix\"><\/div><div class=\"fusion-fullwidth fullwidth-box fusion-fullwidth-1  fusion-parallax-none nonhundred-percent-fullwidth\" style=\"border-color:#eae9e9;border-bottom-width: 0px;border-top-width: 0px;border-bottom-style: solid;border-top-style: solid;padding-bottom:150px;padding-top:150px;padding-left:0px;padding-right:0px;\"><style type=\"text\/css\" scoped=\"scoped\">.fusion-fullwidth-1 {\n                            padding-left: 0px !important;\n                            padding-right: 0px !important;\n                        }<\/style><div class=\"fusion-row\"><div class=\"fusion-one-half fusion-layout-column fusion-spacing-yes\" style=\"margin-top:0px;margin-bottom:20px;\"><div class=\"fusion-column-wrapper\"><div class=\"fusion-sep-clear\"><\/div><div class=\"fusion-separator fusion-full-width-sep sep-none\" style=\"border-color:#e0dede;margin-left: auto;margin-right: auto;margin-top:50px;\"><\/div><h3>A3, ARQUITECTURA T\u00c8CNICA, SCP, \u00e9s un despatx professional que inicia la seva traject\u00f2ria l\u2019any 2000 amb l\u2019experi\u00e8ncia adquirida durant els anys anteriors per els seus dos socis fundadors:<\/h3>\n<div class=\"fusion-clearfix\"><\/div><\/div><\/div><div class=\"fusion-one-half fusion-layout-column fusion-column-last fusion-spacing-yes\" style=\"margin-top:0px;margin-bottom:20px;\"><div class=\"fusion-column-wrapper\"><div class=\"fusion-column-table\"><div class=\"fusion-column-tablecell\"><div class=\"imageframe-align-center\"><span class=\"fusion-imageframe imageframe-none imageframe-1 hover-type-zoomin fusion-animated\" data-animationType=\"fadeInDown\" data-animationDuration=\"1\" data-animationOffset=\"100%\"><a href=\"https:\/\/a3at.com\/wp-content\/uploads\/2015\/02\/2.png\" class=\"fusion-lightbox\" data-rel=\"iLightbox[3d82e48e86dd7840d8b]\"> <img decoding=\"async\" src=\"https:\/\/a3at.com\/wp-content\/uploads\/2015\/02\/2.png\" alt=\"\" class=\"img-responsive\"\/><\/a><\/span><\/div><div class=\"fusion-clearfix\"><\/div><\/div><\/div><\/div><\/div><div class=\"fusion-clearfix\"><\/div><div class=\"fusion-sep-clear\"><\/div><div class=\"fusion-separator fusion-full-width-sep sep-none\" style=\"border-color:#e0dede;margin-left: auto;margin-right: auto;margin-top:25px;\"><\/div><div class=\"fusion-one-half fusion-layout-column fusion-spacing-yes\" style=\"margin-top:0px;margin-bottom:20px;\"><div class=\"fusion-column-wrapper\"><div class=\"imageframe-align-center\"><span class=\"fusion-imageframe imageframe-none imageframe-2 hover-type-none\"> <img decoding=\"async\" src=\"https:\/\/a3at.com\/wp-content\/uploads\/2015\/02\/MangelsSanchez.jpg\" alt=\"\" class=\"img-responsive\"\/><\/span><\/div><div class=\"fusion-sep-clear\"><\/div><div class=\"fusion-separator fusion-full-width-sep sep-none\" style=\"border-color:#e0dede;margin-left: auto;margin-right: auto;margin-top:20px;\"><\/div><h3 style=\"text-align: center;\"><strong>M.\u00c0ngels S\u00e1nchez i Pi<\/strong><\/h3>\n<p>&nbsp;<\/p>\n<p style=\"text-align: left;\">Arquitecta T\u00e8cnica. Col\u2022legiada 7116 del Col\u2022legi d\u2019Aparelladors, Arquitectes T\u00e8cnics i Enginyers d\u2019edificaci\u00f3 de Barcelona.<\/p>\n<div class=\"text-cer\">\n<p><img decoding=\"async\" class=\"certificado\" src=\"https:\/\/a3at.com\/wp-content\/uploads\/2015\/02\/cse.png\" alt=\"\" \/><\/p>\n<div class=\"text2\">\n<p style=\"font-size: 12px; margin-bottom: 0px; text-align: justify;\">ACP Coordinador de<\/p>\n<p style=\"font-size: 12px; margin-bottom: 0px; text-align: justify;\">Seguridad y Salud<\/p>\n<p style=\"font-size: 12px; margin-bottom: 0px; text-align: justify;\">Excellence<\/p>\n<\/div>\n<\/div>\n<div class=\"fusion-clearfix\"><\/div><\/div><\/div><div class=\"fusion-one-half fusion-layout-column fusion-column-last fusion-spacing-yes\" style=\"margin-top:20px;margin-bottom:20px;\"><div class=\"fusion-column-wrapper\"><div class=\"imageframe-align-center\"><span class=\"fusion-imageframe imageframe-none imageframe-3 hover-type-none\"> <img decoding=\"async\" src=\"https:\/\/a3at.com\/wp-content\/uploads\/2015\/02\/JordiAlbors.jpg\" alt=\"\" class=\"img-responsive\"\/><\/span><\/div><div class=\"fusion-sep-clear\"><\/div><div class=\"fusion-separator fusion-full-width-sep sep-none\" style=\"border-color:#e0dede;margin-left: auto;margin-right: auto;margin-top:;\"><\/div><h3 style=\"text-align: center;\"><strong>Jordi Albors Fern\u00e1ndez<\/strong><\/h3>\n<p>&nbsp;<\/p>\n<p style=\"text-align: left;\">Arquitecte T\u00e8cnic i Enginyer d\u2019edificaci\u00f3. Col\u00b7legiat 7611 del Col\u00b7legi d\u2019Aparelladors, Arquitectes T\u00e8cnics i Enginyers d\u2019edificaci\u00f3 de Barcelona.<\/p>\n<div class=\"fusion-clearfix\"><\/div><\/div><\/div><div class=\"fusion-clearfix\"><\/div><div class=\"fusion-sep-clear\"><\/div><div class=\"fusion-separator fusion-full-width-sep sep-none\" style=\"border-color:#e0dede;margin-left: auto;margin-right: auto;margin-top:;margin-bottom:50px;\"><\/div><p>La necessitat de adaptar-se als canvis en el sector ens ha\u00a0 portat a evolucionar cap a un equip multidisciplinar de professionals i col\u00b7laboradors treballant conjuntament per controlar totes les tasques pr\u00f2pies durant el cicle de l\u2019edificaci\u00f3, estudis previs, desenvolupament del projecte, la seva execuci\u00f3 i el manteniment posterior.<\/p>\n<h3 style=\"text-align: center;\"><strong>Amb els nostres serveis t\u00e8cnics, l\u2019assessorament als nostres clients \u00e9s immediat, donant resposta a les seves necessitats.<\/strong><\/h3>\n<div class=\"fusion-sep-clear\"><\/div><div class=\"fusion-separator fusion-full-width-sep sep-none\" style=\"border-color:#e0dede;margin-left: auto;margin-right: auto;margin-top:;margin-bottom:50px;\"><\/div><div class=\"fusion-one-third fusion-layout-column fusion-spacing-yes\" style=\"margin-top:0px;margin-bottom:20px;\"><div class=\"fusion-column-wrapper\"><div class=\"imageframe-align-center\"><span class=\"fusion-imageframe imageframe-none imageframe-4 hover-type-zoomin img2\"> <img decoding=\"async\" src=\"https:\/\/a3at.com\/wp-content\/uploads\/2015\/02\/1.png\" alt=\"\" class=\"img-responsive\"\/><\/span><\/div><div class=\"fusion-sep-clear\"><\/div><div class=\"fusion-separator fusion-full-width-sep sep-none\" style=\"border-color:#e0dede;margin-left: auto;margin-right: auto;margin-top:30px;\"><\/div><div class=\"imageframe-align-center\"><span class=\"fusion-imageframe imageframe-none imageframe-5 hover-type-none img2\"> <img decoding=\"async\" src=\"https:\/\/a3at.com\/wp-content\/uploads\/2015\/02\/6-1.jpg\" alt=\"\" class=\"img-responsive\"\/><\/span><\/div><div class=\"fusion-clearfix\"><\/div><\/div><\/div><div class=\"fusion-one-third fusion-layout-column fusion-spacing-yes\" style=\"margin-top:0px;margin-bottom:20px;\"><div class=\"fusion-column-wrapper\"><div class=\"imageframe-align-center\"><span class=\"fusion-imageframe imageframe-none imageframe-6 hover-type-none img2\"> <img decoding=\"async\" src=\"https:\/\/a3at.com\/wp-content\/uploads\/2015\/02\/6-1.jpg\" alt=\"\" class=\"img-responsive\"\/><\/span><\/div><div class=\"fusion-sep-clear\"><\/div><div class=\"fusion-separator fusion-full-width-sep sep-none\" style=\"border-color:#e0dede;margin-left: auto;margin-right: auto;margin-top:42px;\"><\/div><div class=\"imageframe-align-center\"><span class=\"fusion-imageframe imageframe-none imageframe-7 hover-type-zoomin img3\"> <img decoding=\"async\" src=\"https:\/\/a3at.com\/wp-content\/uploads\/2015\/02\/4.png\" alt=\"\" class=\"img-responsive\"\/><\/span><\/div><div class=\"fusion-clearfix\"><\/div><\/div><\/div><div class=\"fusion-one-third fusion-layout-column fusion-column-last fusion-spacing-yes\" style=\"margin-top:0px;margin-bottom:20px;\"><div class=\"fusion-column-wrapper\"><div class=\"imageframe-align-center\"><span class=\"fusion-imageframe imageframe-none imageframe-8 hover-type-zoomin img3\"> <img decoding=\"async\" src=\"https:\/\/a3at.com\/wp-content\/uploads\/2015\/02\/3.png\" alt=\"\" class=\"img-responsive\"\/><\/span><\/div><div class=\"fusion-sep-clear\"><\/div><div class=\"fusion-separator fusion-full-width-sep sep-none\" style=\"border-color:#e0dede;margin-left: auto;margin-right: auto;margin-top:30px;\"><\/div><div class=\"imageframe-align-center\"><span class=\"fusion-imageframe imageframe-none imageframe-9 hover-type-none img2\"> <img decoding=\"async\" src=\"https:\/\/a3at.com\/wp-content\/uploads\/2015\/02\/6-1.jpg\" alt=\"\" class=\"img-responsive\"\/><\/span><\/div><div class=\"fusion-clearfix\"><\/div><\/div><\/div><div class=\"fusion-clearfix\"><\/div><div class=\"fusion-sep-clear\"><\/div><div class=\"fusion-separator fusion-full-width-sep sep-none\" style=\"border-color:#e0dede;margin-left: auto;margin-right: auto;margin-top:40px;\"><\/div><div class=\"fusion-one-fifth fusion-layout-column fusion-spacing-yes\" style=\"margin-top:0px;margin-bottom:20px;\"><div class=\"fusion-column-wrapper\"><div class=\"fusion-clearfix\"><\/div><\/div><\/div><div class=\"fusion-one-half fusion-layout-column fusion-column-last fusion-spacing-yes\" style=\"margin-top:0px;margin-bottom:20px;\"><div class=\"fusion-column-wrapper\"><div class=\"fusion-clearfix\"><\/div><\/div><\/div><div class=\"fusion-clearfix\"><\/div><\/div><\/div><div class=\"fusion-one-full fusion-layout-column fusion-column-last fusion-spacing-yes\" style=\"margin-top:0px;margin-bottom:20px;\"><div class=\"fusion-column-wrapper\"><div class=\"fusion-clearfix\"><\/div><\/div><\/div><div class=\"fusion-clearfix\"><\/div>\n","protected":false},"excerpt":{"rendered":"QUI SOM? A3, ARQUITECTURA T\u00c8CNICA, SCP, \u00e9s un despatx professional que inicia la seva traject\u00f2ria l\u2019any 2000 amb l\u2019experi\u00e8ncia adquirida durant els anys anteriors per els seus dos socis fundadors: M.\u00c0ngels S\u00e1nchez i Pi &nbsp; Arquitecta T\u00e8cnica. Col\u2022legiada 7116 del Col\u2022legi d\u2019Aparelladors, Arquitectes T\u00e8cnics i Enginyers d\u2019edificaci\u00f3 de Barcelona. ACP Coordinador de Seguridad y Salud [...]","protected":false},"author":6,"featured_media":0,"parent":0,"menu_order":0,"comment_status":"closed","ping_status":"open","template":"100-width.php","meta":{"footnotes":""},"class_list":["post-9","page","type-page","status-publish","hentry"],"_links":{"self":[{"href":"https:\/\/a3at.com\/index.php\/wp-json\/wp\/v2\/pages\/9"}],"collection":[{"href":"https:\/\/a3at.com\/index.php\/wp-json\/wp\/v2\/pages"}],"about":[{"href":"https:\/\/a3at.com\/index.php\/wp-json\/wp\/v2\/types\/page"}],"author":[{"embeddable":true,"href":"https:\/\/a3at.com\/index.php\/wp-json\/wp\/v2\/users\/6"}],"replies":[{"embeddable":true,"href":"https:\/\/a3at.com\/index.php\/wp-json\/wp\/v2\/comments?post=9"}],"version-history":[{"count":21,"href":"https:\/\/a3at.com\/index.php\/wp-json\/wp\/v2\/pages\/9\/revisions"}],"predecessor-version":[{"id":1296,"href":"https:\/\/a3at.com\/index.php\/wp-json\/wp\/v2\/pages\/9\/revisions\/1296"}],"wp:attachment":[{"href":"https:\/\/a3at.com\/index.php\/wp-json\/wp\/v2\/media?parent=9"}],"curies":[{"name":"wp","href":"https:\/\/api.w.org\/{rel}","templated":true}]}}